{"id":1385,"date":"2021-05-03T15:03:14","date_gmt":"2021-05-03T13:03:14","guid":{"rendered":"https:\/\/aquafrais-cannes.com\/nos-produits-premium\/"},"modified":"2021-05-05T18:33:10","modified_gmt":"2021-05-05T16:33:10","slug":"nos-produits-premium","status":"publish","type":"page","link":"https:\/\/aquafrais-cannes.com\/en\/nos-produits-premium\/","title":{"rendered":"Our premium products"},"content":{"rendered":"","protected":false},"excerpt":{"rendered":"","protected":false},"author":1,"featured_media":0,"parent":0,"menu_order":0,"comment_status":"closed","ping_status":"closed","template":"page-accueil.php","meta":[],"acf":[],"yoast_head":"<title>Nos Bars et Daurades Premium - Aquafrais Cannes<\/title>\n<meta name=\"description\" content=\"Chez Aquafrais Cannes, nous voulons offrir \u00e0 nos clients un produit marin fran\u00e7ais ultrafrais, de qualit\u00e9 gustative \u00e9quivalente \u00e0 du sauvage.\" \/>\n<meta name=\"robots\" content=\"index, follow, max-snippet:-1, max-image-preview:large, max-video-preview:-1\" \/>\n<link rel=\"canonical\" href=\"https:\/\/aquafrais-cannes.com\/en\/nos-produits-premium\/\" \/>\n<meta property=\"og:locale\" content=\"en_US\" \/>\n<meta property=\"og:type\" content=\"article\" \/>\n<meta property=\"og:title\" content=\"Nos Bars et Daurades Premium - Aquafrais Cannes\" \/>\n<meta property=\"og:description\" content=\"Chez Aquafrais Cannes, nous voulons offrir \u00e0 nos clients un produit marin fran\u00e7ais ultrafrais, de qualit\u00e9 gustative \u00e9quivalente \u00e0 du sauvage.\" \/>\n<meta property=\"og:url\" content=\"https:\/\/aquafrais-cannes.com\/en\/nos-produits-premium\/\" \/>\n<meta property=\"og:site_name\" content=\"Aquafrais\" \/>\n<meta property=\"article:publisher\" content=\"https:\/\/www.facebook.com\/Aquafrais-Cannes-108787867712226\" \/>\n<meta property=\"article:modified_time\" content=\"2021-05-05T16:33:10+00:00\" \/>\n<meta name=\"twitter:card\" content=\"summary_large_image\" \/>\n<meta name=\"twitter:site\" content=\"@AquafraisC\" \/>\n<script type=\"application\/ld+json\" class=\"yoast-schema-graph\">{\"@context\":\"https:\/\/schema.org\",\"@graph\":[{\"@type\":\"Organization\",\"@id\":\"https:\/\/aquafrais-cannes.com\/#organization\",\"name\":\"Aquafrais Cannes\",\"url\":\"https:\/\/aquafrais-cannes.com\/\",\"sameAs\":[\"https:\/\/www.facebook.com\/Aquafrais-Cannes-108787867712226\",\"https:\/\/www.instagram.com\/aquafraiscannes\/?hl=fr\",\"https:\/\/www.linkedin.com\/company\/cannes-aquafrais\",\"https:\/\/twitter.com\/AquafraisC\"],\"logo\":{\"@type\":\"ImageObject\",\"@id\":\"https:\/\/aquafrais-cannes.com\/#logo\",\"inLanguage\":\"en-US\",\"url\":\"https:\/\/aquafrais-cannes.com\/wp-content\/uploads\/2020\/11\/Aquafrais_logo_FB.png\",\"contentUrl\":\"https:\/\/aquafrais-cannes.com\/wp-content\/uploads\/2020\/11\/Aquafrais_logo_FB.png\",\"width\":1715,\"height\":1715,\"caption\":\"Aquafrais Cannes\"},\"image\":{\"@id\":\"https:\/\/aquafrais-cannes.com\/#logo\"}},{\"@type\":\"WebSite\",\"@id\":\"https:\/\/aquafrais-cannes.com\/#website\",\"url\":\"https:\/\/aquafrais-cannes.com\/\",\"name\":\"Aquafrais-Cannes\",\"description\":\"French sea bass and sea bream farming in Cannes\",\"publisher\":{\"@id\":\"https:\/\/aquafrais-cannes.com\/#organization\"},\"potentialAction\":[{\"@type\":\"SearchAction\",\"target\":{\"@type\":\"EntryPoint\",\"urlTemplate\":\"https:\/\/aquafrais-cannes.com\/?s={search_term_string}\"},\"query-input\":\"required name=search_term_string\"}],\"inLanguage\":\"en-US\"},{\"@type\":\"WebPage\",\"@id\":\"https:\/\/aquafrais-cannes.com\/en\/nos-produits-premium\/#webpage\",\"url\":\"https:\/\/aquafrais-cannes.com\/en\/nos-produits-premium\/\",\"name\":\"Nos Bars et Daurades Premium - Aquafrais Cannes\",\"isPartOf\":{\"@id\":\"https:\/\/aquafrais-cannes.com\/#website\"},\"datePublished\":\"2021-05-03T13:03:14+00:00\",\"dateModified\":\"2021-05-05T16:33:10+00:00\",\"description\":\"Chez Aquafrais Cannes, nous voulons offrir \\u00e0 nos clients un produit marin fran\\u00e7ais ultrafrais, de qualit\\u00e9 gustative \\u00e9quivalente \\u00e0 du sauvage.\",\"breadcrumb\":{\"@id\":\"https:\/\/aquafrais-cannes.com\/en\/nos-produits-premium\/#breadcrumb\"},\"inLanguage\":\"en-US\",\"potentialAction\":[{\"@type\":\"ReadAction\",\"target\":[\"https:\/\/aquafrais-cannes.com\/en\/nos-produits-premium\/\"]}]},{\"@type\":\"BreadcrumbList\",\"@id\":\"https:\/\/aquafrais-cannes.com\/en\/nos-produits-premium\/#breadcrumb\",\"itemListElement\":[{\"@type\":\"ListItem\",\"position\":1,\"name\":\"Home\",\"item\":\"https:\/\/aquafrais-cannes.com\/en\/\"},{\"@type\":\"ListItem\",\"position\":2,\"name\":\"Our premium products\"}]}]}<\/script>","yoast_head_json":{"title":"Nos Bars et Daurades Premium - Aquafrais Cannes","description":"Chez Aquafrais Cannes, nous voulons offrir \u00e0 nos clients un produit marin fran\u00e7ais ultrafrais, de qualit\u00e9 gustative \u00e9quivalente \u00e0 du sauvage.","robots":{"index":"index","follow":"follow","max-snippet":"max-snippet:-1","max-image-preview":"max-image-preview:large","max-video-preview":"max-video-preview:-1"},"canonical":"https:\/\/aquafrais-cannes.com\/en\/nos-produits-premium\/","og_locale":"en_US","og_type":"article","og_title":"Nos Bars et Daurades Premium - Aquafrais Cannes","og_description":"Chez Aquafrais Cannes, nous voulons offrir \u00e0 nos clients un produit marin fran\u00e7ais ultrafrais, de qualit\u00e9 gustative \u00e9quivalente \u00e0 du sauvage.","og_url":"https:\/\/aquafrais-cannes.com\/en\/nos-produits-premium\/","og_site_name":"Aquafrais","article_publisher":"https:\/\/www.facebook.com\/Aquafrais-Cannes-108787867712226","article_modified_time":"2021-05-05T16:33:10+00:00","twitter_card":"summary_large_image","twitter_site":"@AquafraisC","schema":{"@context":"https:\/\/schema.org","@graph":[{"@type":"Organization","@id":"https:\/\/aquafrais-cannes.com\/#organization","name":"Aquafrais Cannes","url":"https:\/\/aquafrais-cannes.com\/","sameAs":["https:\/\/www.facebook.com\/Aquafrais-Cannes-108787867712226","https:\/\/www.instagram.com\/aquafraiscannes\/?hl=fr","https:\/\/www.linkedin.com\/company\/cannes-aquafrais","https:\/\/twitter.com\/AquafraisC"],"logo":{"@type":"ImageObject","@id":"https:\/\/aquafrais-cannes.com\/#logo","inLanguage":"en-US","url":"https:\/\/aquafrais-cannes.com\/wp-content\/uploads\/2020\/11\/Aquafrais_logo_FB.png","contentUrl":"https:\/\/aquafrais-cannes.com\/wp-content\/uploads\/2020\/11\/Aquafrais_logo_FB.png","width":1715,"height":1715,"caption":"Aquafrais Cannes"},"image":{"@id":"https:\/\/aquafrais-cannes.com\/#logo"}},{"@type":"WebSite","@id":"https:\/\/aquafrais-cannes.com\/#website","url":"https:\/\/aquafrais-cannes.com\/","name":"Aquafrais-Cannes","description":"French sea bass and sea bream farming in Cannes","publisher":{"@id":"https:\/\/aquafrais-cannes.com\/#organization"},"potentialAction":[{"@type":"SearchAction","target":{"@type":"EntryPoint","urlTemplate":"https:\/\/aquafrais-cannes.com\/?s={search_term_string}"},"query-input":"required name=search_term_string"}],"inLanguage":"en-US"},{"@type":"WebPage","@id":"https:\/\/aquafrais-cannes.com\/en\/nos-produits-premium\/#webpage","url":"https:\/\/aquafrais-cannes.com\/en\/nos-produits-premium\/","name":"Nos Bars et Daurades Premium - Aquafrais Cannes","isPartOf":{"@id":"https:\/\/aquafrais-cannes.com\/#website"},"datePublished":"2021-05-03T13:03:14+00:00","dateModified":"2021-05-05T16:33:10+00:00","description":"Chez Aquafrais Cannes, nous voulons offrir \u00e0 nos clients un produit marin fran\u00e7ais ultrafrais, de qualit\u00e9 gustative \u00e9quivalente \u00e0 du sauvage.","breadcrumb":{"@id":"https:\/\/aquafrais-cannes.com\/en\/nos-produits-premium\/#breadcrumb"},"inLanguage":"en-US","potentialAction":[{"@type":"ReadAction","target":["https:\/\/aquafrais-cannes.com\/en\/nos-produits-premium\/"]}]},{"@type":"BreadcrumbList","@id":"https:\/\/aquafrais-cannes.com\/en\/nos-produits-premium\/#breadcrumb","itemListElement":[{"@type":"ListItem","position":1,"name":"Home","item":"https:\/\/aquafrais-cannes.com\/en\/"},{"@type":"ListItem","position":2,"name":"Our premium products"}]}]}},"_links":{"self":[{"href":"https:\/\/aquafrais-cannes.com\/en\/wp-json\/wp\/v2\/pages\/1385"}],"collection":[{"href":"https:\/\/aquafrais-cannes.com\/en\/wp-json\/wp\/v2\/pages"}],"about":[{"href":"https:\/\/aquafrais-cannes.com\/en\/wp-json\/wp\/v2\/types\/page"}],"author":[{"embeddable":true,"href":"https:\/\/aquafrais-cannes.com\/en\/wp-json\/wp\/v2\/users\/1"}],"replies":[{"embeddable":true,"href":"https:\/\/aquafrais-cannes.com\/en\/wp-json\/wp\/v2\/comments?post=1385"}],"version-history":[{"count":5,"href":"https:\/\/aquafrais-cannes.com\/en\/wp-json\/wp\/v2\/pages\/1385\/revisions"}],"predecessor-version":[{"id":1473,"href":"https:\/\/aquafrais-cannes.com\/en\/wp-json\/wp\/v2\/pages\/1385\/revisions\/1473"}],"wp:attachment":[{"href":"https:\/\/aquafrais-cannes.com\/en\/wp-json\/wp\/v2\/media?parent=1385"}],"curies":[{"name":"wp","href":"https:\/\/api.w.org\/{rel}","templated":true}]}}