{"id":261,"date":"2020-11-05T18:12:23","date_gmt":"2020-11-05T17:12:23","guid":{"rendered":"https:\/\/aquafrais-cannes.com\/la-daurade\/"},"modified":"2024-07-30T15:06:17","modified_gmt":"2024-07-30T13:06:17","slug":"nos-daurades-royales-francaises","status":"publish","type":"page","link":"https:\/\/aquafrais-cannes.com\/en\/nos-daurades-royales-francaises\/","title":{"rendered":"Sea bream"},"content":{"rendered":"","protected":false},"excerpt":{"rendered":"","protected":false},"author":1,"featured_media":0,"parent":0,"menu_order":0,"comment_status":"closed","ping_status":"closed","template":"page-produit.php","meta":[],"acf":[],"yoast_head":"<title>Nos Daurades royales fran\u00e7aises - Aquafrais<\/title>\n<meta name=\"description\" content=\"Pour vous offrir le meilleur de la mer, fiers de notre cha\u00eene de production enti\u00e8rement fran\u00e7aise, nous \u00e9levons nos Daurades royales fran\u00e7aises en pleine mer.\" \/>\n<meta name=\"robots\" content=\"index, follow, max-snippet:-1, max-image-preview:large, max-video-preview:-1\" \/>\n<link rel=\"canonical\" href=\"https:\/\/aquafrais-cannes.com\/en\/nos-daurades-royales-francaises\/\" \/>\n<meta property=\"og:locale\" content=\"en_US\" \/>\n<meta property=\"og:type\" content=\"article\" \/>\n<meta property=\"og:title\" content=\"Nos Daurades royales fran\u00e7aises - Aquafrais\" \/>\n<meta property=\"og:description\" content=\"Pour vous offrir le meilleur de la mer, fiers de notre cha\u00eene de production enti\u00e8rement fran\u00e7aise, nous \u00e9levons nos Daurades royales fran\u00e7aises en pleine mer.\" \/>\n<meta property=\"og:url\" content=\"https:\/\/aquafrais-cannes.com\/en\/nos-daurades-royales-francaises\/\" \/>\n<meta property=\"og:site_name\" content=\"Aquafrais\" \/>\n<meta property=\"article:publisher\" content=\"https:\/\/www.facebook.com\/Aquafrais-Cannes-108787867712226\" \/>\n<meta property=\"article:modified_time\" content=\"2024-07-30T13:06:17+00:00\" \/>\n<meta name=\"twitter:card\" content=\"summary_large_image\" \/>\n<meta name=\"twitter:site\" content=\"@AquafraisC\" \/>\n<script type=\"application\/ld+json\" class=\"yoast-schema-graph\">{\"@context\":\"https:\/\/schema.org\",\"@graph\":[{\"@type\":\"Organization\",\"@id\":\"https:\/\/aquafrais-cannes.com\/#organization\",\"name\":\"Aquafrais Cannes\",\"url\":\"https:\/\/aquafrais-cannes.com\/\",\"sameAs\":[\"https:\/\/www.facebook.com\/Aquafrais-Cannes-108787867712226\",\"https:\/\/www.instagram.com\/aquafraiscannes\/?hl=fr\",\"https:\/\/www.linkedin.com\/company\/cannes-aquafrais\",\"https:\/\/twitter.com\/AquafraisC\"],\"logo\":{\"@type\":\"ImageObject\",\"@id\":\"https:\/\/aquafrais-cannes.com\/#logo\",\"inLanguage\":\"en-US\",\"url\":\"https:\/\/aquafrais-cannes.com\/wp-content\/uploads\/2020\/11\/Aquafrais_logo_FB.png\",\"contentUrl\":\"https:\/\/aquafrais-cannes.com\/wp-content\/uploads\/2020\/11\/Aquafrais_logo_FB.png\",\"width\":1715,\"height\":1715,\"caption\":\"Aquafrais Cannes\"},\"image\":{\"@id\":\"https:\/\/aquafrais-cannes.com\/#logo\"}},{\"@type\":\"WebSite\",\"@id\":\"https:\/\/aquafrais-cannes.com\/#website\",\"url\":\"https:\/\/aquafrais-cannes.com\/\",\"name\":\"Aquafrais-Cannes\",\"description\":\"French sea bass and sea bream farming in Cannes\",\"publisher\":{\"@id\":\"https:\/\/aquafrais-cannes.com\/#organization\"},\"potentialAction\":[{\"@type\":\"SearchAction\",\"target\":{\"@type\":\"EntryPoint\",\"urlTemplate\":\"https:\/\/aquafrais-cannes.com\/?s={search_term_string}\"},\"query-input\":\"required name=search_term_string\"}],\"inLanguage\":\"en-US\"},{\"@type\":\"WebPage\",\"@id\":\"https:\/\/aquafrais-cannes.com\/en\/nos-daurades-royales-francaises\/#webpage\",\"url\":\"https:\/\/aquafrais-cannes.com\/en\/nos-daurades-royales-francaises\/\",\"name\":\"Nos Daurades royales fran\\u00e7aises - Aquafrais\",\"isPartOf\":{\"@id\":\"https:\/\/aquafrais-cannes.com\/#website\"},\"datePublished\":\"2020-11-05T17:12:23+00:00\",\"dateModified\":\"2024-07-30T13:06:17+00:00\",\"description\":\"Pour vous offrir le meilleur de la mer, fiers de notre cha\\u00eene de production enti\\u00e8rement fran\\u00e7aise, nous \\u00e9levons nos Daurades royales fran\\u00e7aises en pleine mer.\",\"breadcrumb\":{\"@id\":\"https:\/\/aquafrais-cannes.com\/en\/nos-daurades-royales-francaises\/#breadcrumb\"},\"inLanguage\":\"en-US\",\"potentialAction\":[{\"@type\":\"ReadAction\",\"target\":[\"https:\/\/aquafrais-cannes.com\/en\/nos-daurades-royales-francaises\/\"]}]},{\"@type\":\"BreadcrumbList\",\"@id\":\"https:\/\/aquafrais-cannes.com\/en\/nos-daurades-royales-francaises\/#breadcrumb\",\"itemListElement\":[{\"@type\":\"ListItem\",\"position\":1,\"name\":\"Home\",\"item\":\"https:\/\/aquafrais-cannes.com\/en\/\"},{\"@type\":\"ListItem\",\"position\":2,\"name\":\"Sea bream\"}]}]}<\/script>","yoast_head_json":{"title":"Nos Daurades royales fran\u00e7aises - Aquafrais","description":"Pour vous offrir le meilleur de la mer, fiers de notre cha\u00eene de production enti\u00e8rement fran\u00e7aise, nous \u00e9levons nos Daurades royales fran\u00e7aises en pleine mer.","robots":{"index":"index","follow":"follow","max-snippet":"max-snippet:-1","max-image-preview":"max-image-preview:large","max-video-preview":"max-video-preview:-1"},"canonical":"https:\/\/aquafrais-cannes.com\/en\/nos-daurades-royales-francaises\/","og_locale":"en_US","og_type":"article","og_title":"Nos Daurades royales fran\u00e7aises - Aquafrais","og_description":"Pour vous offrir le meilleur de la mer, fiers de notre cha\u00eene de production enti\u00e8rement fran\u00e7aise, nous \u00e9levons nos Daurades royales fran\u00e7aises en pleine mer.","og_url":"https:\/\/aquafrais-cannes.com\/en\/nos-daurades-royales-francaises\/","og_site_name":"Aquafrais","article_publisher":"https:\/\/www.facebook.com\/Aquafrais-Cannes-108787867712226","article_modified_time":"2024-07-30T13:06:17+00:00","twitter_card":"summary_large_image","twitter_site":"@AquafraisC","schema":{"@context":"https:\/\/schema.org","@graph":[{"@type":"Organization","@id":"https:\/\/aquafrais-cannes.com\/#organization","name":"Aquafrais Cannes","url":"https:\/\/aquafrais-cannes.com\/","sameAs":["https:\/\/www.facebook.com\/Aquafrais-Cannes-108787867712226","https:\/\/www.instagram.com\/aquafraiscannes\/?hl=fr","https:\/\/www.linkedin.com\/company\/cannes-aquafrais","https:\/\/twitter.com\/AquafraisC"],"logo":{"@type":"ImageObject","@id":"https:\/\/aquafrais-cannes.com\/#logo","inLanguage":"en-US","url":"https:\/\/aquafrais-cannes.com\/wp-content\/uploads\/2020\/11\/Aquafrais_logo_FB.png","contentUrl":"https:\/\/aquafrais-cannes.com\/wp-content\/uploads\/2020\/11\/Aquafrais_logo_FB.png","width":1715,"height":1715,"caption":"Aquafrais Cannes"},"image":{"@id":"https:\/\/aquafrais-cannes.com\/#logo"}},{"@type":"WebSite","@id":"https:\/\/aquafrais-cannes.com\/#website","url":"https:\/\/aquafrais-cannes.com\/","name":"Aquafrais-Cannes","description":"French sea bass and sea bream farming in Cannes","publisher":{"@id":"https:\/\/aquafrais-cannes.com\/#organization"},"potentialAction":[{"@type":"SearchAction","target":{"@type":"EntryPoint","urlTemplate":"https:\/\/aquafrais-cannes.com\/?s={search_term_string}"},"query-input":"required name=search_term_string"}],"inLanguage":"en-US"},{"@type":"WebPage","@id":"https:\/\/aquafrais-cannes.com\/en\/nos-daurades-royales-francaises\/#webpage","url":"https:\/\/aquafrais-cannes.com\/en\/nos-daurades-royales-francaises\/","name":"Nos Daurades royales fran\u00e7aises - Aquafrais","isPartOf":{"@id":"https:\/\/aquafrais-cannes.com\/#website"},"datePublished":"2020-11-05T17:12:23+00:00","dateModified":"2024-07-30T13:06:17+00:00","description":"Pour vous offrir le meilleur de la mer, fiers de notre cha\u00eene de production enti\u00e8rement fran\u00e7aise, nous \u00e9levons nos Daurades royales fran\u00e7aises en pleine mer.","breadcrumb":{"@id":"https:\/\/aquafrais-cannes.com\/en\/nos-daurades-royales-francaises\/#breadcrumb"},"inLanguage":"en-US","potentialAction":[{"@type":"ReadAction","target":["https:\/\/aquafrais-cannes.com\/en\/nos-daurades-royales-francaises\/"]}]},{"@type":"BreadcrumbList","@id":"https:\/\/aquafrais-cannes.com\/en\/nos-daurades-royales-francaises\/#breadcrumb","itemListElement":[{"@type":"ListItem","position":1,"name":"Home","item":"https:\/\/aquafrais-cannes.com\/en\/"},{"@type":"ListItem","position":2,"name":"Sea bream"}]}]}},"_links":{"self":[{"href":"https:\/\/aquafrais-cannes.com\/en\/wp-json\/wp\/v2\/pages\/261"}],"collection":[{"href":"https:\/\/aquafrais-cannes.com\/en\/wp-json\/wp\/v2\/pages"}],"about":[{"href":"https:\/\/aquafrais-cannes.com\/en\/wp-json\/wp\/v2\/types\/page"}],"author":[{"embeddable":true,"href":"https:\/\/aquafrais-cannes.com\/en\/wp-json\/wp\/v2\/users\/1"}],"replies":[{"embeddable":true,"href":"https:\/\/aquafrais-cannes.com\/en\/wp-json\/wp\/v2\/comments?post=261"}],"version-history":[{"count":44,"href":"https:\/\/aquafrais-cannes.com\/en\/wp-json\/wp\/v2\/pages\/261\/revisions"}],"predecessor-version":[{"id":2040,"href":"https:\/\/aquafrais-cannes.com\/en\/wp-json\/wp\/v2\/pages\/261\/revisions\/2040"}],"wp:attachment":[{"href":"https:\/\/aquafrais-cannes.com\/en\/wp-json\/wp\/v2\/media?parent=261"}],"curies":[{"name":"wp","href":"https:\/\/api.w.org\/{rel}","templated":true}]}}