{"id":42,"date":"2020-11-05T18:07:29","date_gmt":"2020-11-05T17:07:29","guid":{"rendered":"https:\/\/aquafrais-cannes.com\/video\/"},"modified":"2021-05-05T18:48:52","modified_gmt":"2021-05-05T16:48:52","slug":"aquaculture-francaise-de-pleine-mer","status":"publish","type":"page","link":"https:\/\/aquafrais-cannes.com\/en\/","title":{"rendered":"Video"},"content":{"rendered":"","protected":false},"excerpt":{"rendered":"","protected":false},"author":1,"featured_media":0,"parent":0,"menu_order":0,"comment_status":"closed","ping_status":"closed","template":"front-page.php","meta":[],"acf":[],"yoast_head":"<title>Aquaculture fran\u00e7aise de plein mer - Aquafrais<\/title>\n<meta name=\"description\" content=\"Si nos produits sont pl\u00e9biscit\u00e9s par nos clients, c\u2019est parce que nous avons construit l\u2019ensemble de nos chaines de production et d\u2019approvisionnement autour de la recherche d\u2019une qualit\u00e9 Premium au coeur de la c\u00f4te d\u2019azur.\" \/>\n<meta name=\"robots\" content=\"index, follow, max-snippet:-1, max-image-preview:large, max-video-preview:-1\" \/>\n<link rel=\"canonical\" href=\"https:\/\/aquafrais-cannes.com\/en\/\" \/>\n<meta property=\"og:locale\" content=\"en_US\" \/>\n<meta property=\"og:type\" content=\"article\" \/>\n<meta property=\"og:title\" content=\"Aquaculture fran\u00e7aise de plein mer - Aquafrais\" \/>\n<meta property=\"og:description\" content=\"Si nos produits sont pl\u00e9biscit\u00e9s par nos clients, c\u2019est parce que nous avons construit l\u2019ensemble de nos chaines de production et d\u2019approvisionnement autour de la recherche d\u2019une qualit\u00e9 Premium au coeur de la c\u00f4te d\u2019azur.\" \/>\n<meta property=\"og:url\" content=\"https:\/\/aquafrais-cannes.com\/en\/\" \/>\n<meta property=\"og:site_name\" content=\"Aquafrais\" \/>\n<meta property=\"article:publisher\" content=\"https:\/\/www.facebook.com\/Aquafrais-Cannes-108787867712226\" \/>\n<meta property=\"article:modified_time\" content=\"2021-05-05T16:48:52+00:00\" \/>\n<meta name=\"twitter:card\" content=\"summary_large_image\" \/>\n<meta name=\"twitter:site\" content=\"@AquafraisC\" \/>\n<script type=\"application\/ld+json\" class=\"yoast-schema-graph\">{\"@context\":\"https:\/\/schema.org\",\"@graph\":[{\"@type\":\"Organization\",\"@id\":\"https:\/\/aquafrais-cannes.com\/#organization\",\"name\":\"Aquafrais Cannes\",\"url\":\"https:\/\/aquafrais-cannes.com\/\",\"sameAs\":[\"https:\/\/www.facebook.com\/Aquafrais-Cannes-108787867712226\",\"https:\/\/www.instagram.com\/aquafraiscannes\/?hl=fr\",\"https:\/\/www.linkedin.com\/company\/cannes-aquafrais\",\"https:\/\/twitter.com\/AquafraisC\"],\"logo\":{\"@type\":\"ImageObject\",\"@id\":\"https:\/\/aquafrais-cannes.com\/#logo\",\"inLanguage\":\"en-US\",\"url\":\"https:\/\/aquafrais-cannes.com\/wp-content\/uploads\/2020\/11\/Aquafrais_logo_FB.png\",\"contentUrl\":\"https:\/\/aquafrais-cannes.com\/wp-content\/uploads\/2020\/11\/Aquafrais_logo_FB.png\",\"width\":1715,\"height\":1715,\"caption\":\"Aquafrais Cannes\"},\"image\":{\"@id\":\"https:\/\/aquafrais-cannes.com\/#logo\"}},{\"@type\":\"WebSite\",\"@id\":\"https:\/\/aquafrais-cannes.com\/#website\",\"url\":\"https:\/\/aquafrais-cannes.com\/\",\"name\":\"Aquafrais-Cannes\",\"description\":\"French sea bass and sea bream farming in Cannes\",\"publisher\":{\"@id\":\"https:\/\/aquafrais-cannes.com\/#organization\"},\"potentialAction\":[{\"@type\":\"SearchAction\",\"target\":{\"@type\":\"EntryPoint\",\"urlTemplate\":\"https:\/\/aquafrais-cannes.com\/?s={search_term_string}\"},\"query-input\":\"required name=search_term_string\"}],\"inLanguage\":\"en-US\"},{\"@type\":\"WebPage\",\"@id\":\"https:\/\/aquafrais-cannes.com\/en\/#webpage\",\"url\":\"https:\/\/aquafrais-cannes.com\/en\/\",\"name\":\"Aquaculture fran\\u00e7aise de plein mer - Aquafrais\",\"isPartOf\":{\"@id\":\"https:\/\/aquafrais-cannes.com\/#website\"},\"datePublished\":\"2020-11-05T17:07:29+00:00\",\"dateModified\":\"2021-05-05T16:48:52+00:00\",\"description\":\"Si nos produits sont pl\\u00e9biscit\\u00e9s par nos clients, c\\u2019est parce que nous avons construit l\\u2019ensemble de nos chaines de production et d\\u2019approvisionnement autour de la recherche d\\u2019une qualit\\u00e9 Premium au coeur de la c\\u00f4te d\\u2019azur.\",\"breadcrumb\":{\"@id\":\"https:\/\/aquafrais-cannes.com\/en\/#breadcrumb\"},\"inLanguage\":\"en-US\",\"potentialAction\":[{\"@type\":\"ReadAction\",\"target\":[\"https:\/\/aquafrais-cannes.com\/en\/\"]}]},{\"@type\":\"BreadcrumbList\",\"@id\":\"https:\/\/aquafrais-cannes.com\/en\/#breadcrumb\",\"itemListElement\":[{\"@type\":\"ListItem\",\"position\":1,\"name\":\"Home\",\"item\":\"https:\/\/aquafrais-cannes.com\/en\/\"},{\"@type\":\"ListItem\",\"position\":2,\"name\":\"Video\"}]}]}<\/script>","yoast_head_json":{"title":"Aquaculture fran\u00e7aise de plein mer - Aquafrais","description":"Si nos produits sont pl\u00e9biscit\u00e9s par nos clients, c\u2019est parce que nous avons construit l\u2019ensemble de nos chaines de production et d\u2019approvisionnement autour de la recherche d\u2019une qualit\u00e9 Premium au coeur de la c\u00f4te d\u2019azur.","robots":{"index":"index","follow":"follow","max-snippet":"max-snippet:-1","max-image-preview":"max-image-preview:large","max-video-preview":"max-video-preview:-1"},"canonical":"https:\/\/aquafrais-cannes.com\/en\/","og_locale":"en_US","og_type":"article","og_title":"Aquaculture fran\u00e7aise de plein mer - Aquafrais","og_description":"Si nos produits sont pl\u00e9biscit\u00e9s par nos clients, c\u2019est parce que nous avons construit l\u2019ensemble de nos chaines de production et d\u2019approvisionnement autour de la recherche d\u2019une qualit\u00e9 Premium au coeur de la c\u00f4te d\u2019azur.","og_url":"https:\/\/aquafrais-cannes.com\/en\/","og_site_name":"Aquafrais","article_publisher":"https:\/\/www.facebook.com\/Aquafrais-Cannes-108787867712226","article_modified_time":"2021-05-05T16:48:52+00:00","twitter_card":"summary_large_image","twitter_site":"@AquafraisC","schema":{"@context":"https:\/\/schema.org","@graph":[{"@type":"Organization","@id":"https:\/\/aquafrais-cannes.com\/#organization","name":"Aquafrais Cannes","url":"https:\/\/aquafrais-cannes.com\/","sameAs":["https:\/\/www.facebook.com\/Aquafrais-Cannes-108787867712226","https:\/\/www.instagram.com\/aquafraiscannes\/?hl=fr","https:\/\/www.linkedin.com\/company\/cannes-aquafrais","https:\/\/twitter.com\/AquafraisC"],"logo":{"@type":"ImageObject","@id":"https:\/\/aquafrais-cannes.com\/#logo","inLanguage":"en-US","url":"https:\/\/aquafrais-cannes.com\/wp-content\/uploads\/2020\/11\/Aquafrais_logo_FB.png","contentUrl":"https:\/\/aquafrais-cannes.com\/wp-content\/uploads\/2020\/11\/Aquafrais_logo_FB.png","width":1715,"height":1715,"caption":"Aquafrais Cannes"},"image":{"@id":"https:\/\/aquafrais-cannes.com\/#logo"}},{"@type":"WebSite","@id":"https:\/\/aquafrais-cannes.com\/#website","url":"https:\/\/aquafrais-cannes.com\/","name":"Aquafrais-Cannes","description":"French sea bass and sea bream farming in Cannes","publisher":{"@id":"https:\/\/aquafrais-cannes.com\/#organization"},"potentialAction":[{"@type":"SearchAction","target":{"@type":"EntryPoint","urlTemplate":"https:\/\/aquafrais-cannes.com\/?s={search_term_string}"},"query-input":"required name=search_term_string"}],"inLanguage":"en-US"},{"@type":"WebPage","@id":"https:\/\/aquafrais-cannes.com\/en\/#webpage","url":"https:\/\/aquafrais-cannes.com\/en\/","name":"Aquaculture fran\u00e7aise de plein mer - Aquafrais","isPartOf":{"@id":"https:\/\/aquafrais-cannes.com\/#website"},"datePublished":"2020-11-05T17:07:29+00:00","dateModified":"2021-05-05T16:48:52+00:00","description":"Si nos produits sont pl\u00e9biscit\u00e9s par nos clients, c\u2019est parce que nous avons construit l\u2019ensemble de nos chaines de production et d\u2019approvisionnement autour de la recherche d\u2019une qualit\u00e9 Premium au coeur de la c\u00f4te d\u2019azur.","breadcrumb":{"@id":"https:\/\/aquafrais-cannes.com\/en\/#breadcrumb"},"inLanguage":"en-US","potentialAction":[{"@type":"ReadAction","target":["https:\/\/aquafrais-cannes.com\/en\/"]}]},{"@type":"BreadcrumbList","@id":"https:\/\/aquafrais-cannes.com\/en\/#breadcrumb","itemListElement":[{"@type":"ListItem","position":1,"name":"Home","item":"https:\/\/aquafrais-cannes.com\/en\/"},{"@type":"ListItem","position":2,"name":"Video"}]}]}},"_links":{"self":[{"href":"https:\/\/aquafrais-cannes.com\/en\/wp-json\/wp\/v2\/pages\/42"}],"collection":[{"href":"https:\/\/aquafrais-cannes.com\/en\/wp-json\/wp\/v2\/pages"}],"about":[{"href":"https:\/\/aquafrais-cannes.com\/en\/wp-json\/wp\/v2\/types\/page"}],"author":[{"embeddable":true,"href":"https:\/\/aquafrais-cannes.com\/en\/wp-json\/wp\/v2\/users\/1"}],"replies":[{"embeddable":true,"href":"https:\/\/aquafrais-cannes.com\/en\/wp-json\/wp\/v2\/comments?post=42"}],"version-history":[{"count":20,"href":"https:\/\/aquafrais-cannes.com\/en\/wp-json\/wp\/v2\/pages\/42\/revisions"}],"predecessor-version":[{"id":1475,"href":"https:\/\/aquafrais-cannes.com\/en\/wp-json\/wp\/v2\/pages\/42\/revisions\/1475"}],"wp:attachment":[{"href":"https:\/\/aquafrais-cannes.com\/en\/wp-json\/wp\/v2\/media?parent=42"}],"curies":[{"name":"wp","href":"https:\/\/api.w.org\/{rel}","templated":true}]}}